{"id":7295,"date":"2025-10-06T22:52:32","date_gmt":"2025-10-06T22:52:32","guid":{"rendered":"https:\/\/marketcrosscompany.com\/comunicacao-interna\/"},"modified":"2025-10-17T18:51:59","modified_gmt":"2025-10-17T18:51:59","slug":"comunicacao-interna","status":"publish","type":"page","link":"https:\/\/marketcrosscompany.com\/pt-br\/comunicacao-interna\/","title":{"rendered":"Comunica\u00e7\u00e3o Interna"},"content":{"rendered":"<p>[et_pb_section fb_built=&#8221;1&#8243; admin_label=&#8221;Header&#8221; _builder_version=&#8221;4.27.4&#8243; _module_preset=&#8221;default&#8221; background_color=&#8221;#000000&#8243; background_image=&#8221;https:\/\/marketcrosscompany.com\/wp-content\/uploads\/2025\/10\/Add-a-heading-1-1.png&#8221; parallax=&#8221;on&#8221; custom_padding=&#8221;8vw||8vw||false|false&#8221; border_radii=&#8221;off|||3vw|3vw&#8221; locked=&#8221;off&#8221; collapsed=&#8221;on&#8221; global_colors_info=&#8221;{}&#8221;][et_pb_row _builder_version=&#8221;4.24.0&#8243; _module_preset=&#8221;default&#8221; max_width=&#8221;1800px&#8221; global_colors_info=&#8221;{}&#8221;][et_pb_column type=&#8221;4_4&#8243; _builder_version=&#8221;4.22.0&#8243; _module_preset=&#8221;default&#8221; global_colors_info=&#8221;{}&#8221;][et_pb_text _builder_version=&#8221;4.27.4&#8243; _module_preset=&#8221;8d559680-2fde-4ddf-b793-d7f23bab6fbd&#8221; text_text_color=&#8221;#FFFFFF&#8221; header_text_color=&#8221;#FFFFFF&#8221; text_orientation=&#8221;center&#8221; max_width=&#8221;1440px&#8221; custom_margin=&#8221;||10px||false|false&#8221; global_colors_info=&#8221;{}&#8221;]<\/p>\n<h1>Conte\u00fado e Comunica\u00e7\u00e3o Interna: Narrativas que Inspiram e Conectam<\/h1>\n<p>&nbsp;<\/p>\n<p>[\/et_pb_text][et_pb_text _builder_version=&#8221;4.27.4&#8243; _module_preset=&#8221;b2a9d836-667b-4eaa-b245-f5e3d389fd99&#8243; text_text_color=&#8221;#FFFFFF&#8221; header_4_text_color=&#8221;#FFFFFF&#8221; text_orientation=&#8221;center&#8221; max_width=&#8221;1440px&#8221; global_colors_info=&#8221;{%22gcid-2490e176-5733-4f77-b033-d0b72133e372%22:%91%22text_text_color%22%93}&#8221;]<\/p>\n<h4>Criamos conte\u00fado multim\u00eddia que gera conversas multiplataforma e transforma a maneira como sua equipe se conecta e colabora. Desenvolvemos estrat\u00e9gias de comunica\u00e7\u00e3o interna que fortalecem a cultura corporativa, impulsionam o engajamento e alinham valores. <\/h4>\n<p>[\/et_pb_text][et_pb_button button_url=&#8221;https:\/\/marketcrosscompany.com\/pt-br\/contato-marketcross\/&#8221; button_text=&#8221;Fale com um especialista&#8221; button_alignment=&#8221;center&#8221; _builder_version=&#8221;4.27.4&#8243; _module_preset=&#8221;8e77d70e-495e-43e4-a97c-c170d8b08d3e&#8221; button_bg_color=&#8221;#000000&#8243; button_border_color=&#8221;#000000&#8243; global_colors_info=&#8221;{}&#8221;][\/et_pb_button][\/et_pb_column][\/et_pb_row][\/et_pb_section][et_pb_section fb_built=&#8221;1&#8243; admin_label=&#8221;Services&#8221; _builder_version=&#8221;4.22.0&#8243; _module_preset=&#8221;default&#8221; locked=&#8221;off&#8221; collapsed=&#8221;on&#8221; global_colors_info=&#8221;{}&#8221;][et_pb_row column_structure=&#8221;1_3,1_3,1_3&#8243; _builder_version=&#8221;4.22.0&#8243; _module_preset=&#8221;default&#8221; max_width=&#8221;1800px&#8221; global_colors_info=&#8221;{}&#8221;][et_pb_column type=&#8221;1_3&#8243; _builder_version=&#8221;4.22.0&#8243; _module_preset=&#8221;default&#8221; global_colors_info=&#8221;{}&#8221;][et_pb_text _builder_version=&#8221;4.27.4&#8243; _module_preset=&#8221;cd6f4dd6-02d9-4890-a0ce-f0d63d65ed83&#8243; header_2_font_size=&#8221;48px&#8221; custom_margin=&#8221;||10px||false|false&#8221; global_colors_info=&#8221;{}&#8221;]<\/p>\n<h2>Conectamos pessoas, prop\u00f3sitos e mensagens<\/h2>\n<p>[\/et_pb_text][et_pb_button button_url=&#8221;https:\/\/marketcrosscompany.com\/pt-br\/contato-marketcross\/&#8221; button_text=&#8221;Contate-nos&#8221; _builder_version=&#8221;4.27.4&#8243; _module_preset=&#8221;82b9e001-f712-476b-a0a6-ee0e945e3ccc&#8221; global_colors_info=&#8221;{}&#8221;][\/et_pb_button][\/et_pb_column][et_pb_column type=&#8221;1_3&#8243; _builder_version=&#8221;4.22.0&#8243; _module_preset=&#8221;default&#8221; global_colors_info=&#8221;{}&#8221;][et_pb_text _builder_version=&#8221;4.27.4&#8243; _module_preset=&#8221;4d2878ea-8923-48b0-a545-104e2046b87b&#8221; custom_margin=&#8221;||0px||false|false&#8221; global_colors_info=&#8221;{}&#8221;]<\/p>\n<h5>Cultura corporativa s\u00f3lida<\/h5>\n<p>[\/et_pb_text][et_pb_text _builder_version=&#8221;4.27.4&#8243; _module_preset=&#8221;36e1cd53-4733-4572-90e9-217d16348ee9&#8243; global_colors_info=&#8221;{}&#8221;]<\/p>\n<p>Desenhamos estrat\u00e9gias que inspirem senso de persist\u00eancia e reforcem os valores da sua empresa, criando equipes mais motivadas e comprometidas.<\/p>\n<p>[\/et_pb_text][et_pb_text _builder_version=&#8221;4.27.4&#8243; _module_preset=&#8221;4d2878ea-8923-48b0-a545-104e2046b87b&#8221; custom_margin=&#8221;||0px||false|false&#8221; global_colors_info=&#8221;{}&#8221;]<\/p>\n<h5>Hist\u00f3rias que conectam<\/h5>\n<p>[\/et_pb_text][et_pb_text _builder_version=&#8221;4.27.4&#8243; _module_preset=&#8221;36e1cd53-4733-4572-90e9-217d16348ee9&#8243; global_colors_info=&#8221;{}&#8221;]<\/p>\n<p data-start=\"849\" data-end=\"973\">Cada mensagem conta. Creamos relatos aut\u00eanticos que fortalecem a comunica\u00e7\u00e3o interna e geram coes\u00e3o organizacional. <\/p>\n<p>[\/et_pb_text][et_pb_text _builder_version=&#8221;4.27.4&#8243; _module_preset=&#8221;4d2878ea-8923-48b0-a545-104e2046b87b&#8221; custom_margin=&#8221;||0px||false|false&#8221; global_colors_info=&#8221;{}&#8221;]<\/p>\n<h5>Comunica\u00e7\u00e3o que impulsa resultados<\/h5>\n<p>[\/et_pb_text][et_pb_text _builder_version=&#8221;4.27.4&#8243; _module_preset=&#8221;36e1cd53-4733-4572-90e9-217d16348ee9&#8243; global_colors_info=&#8221;{}&#8221;]<\/p>\n<p>Transformamos a comunica\u00e7\u00e3o em uma ferramenta estrat\u00e9gica para melhorar a produtividade, o clima laboral e a coer\u00eancia institucional.<\/p>\n<p>[\/et_pb_text][\/et_pb_column][et_pb_column type=&#8221;1_3&#8243; _builder_version=&#8221;4.22.0&#8243; _module_preset=&#8221;default&#8221; global_colors_info=&#8221;{}&#8221;][et_pb_image src=&#8221;https:\/\/marketcrosscompany.com\/wp-content\/uploads\/2025\/10\/Add-a-heading-1080-x-1080-px-3.png&#8221; title_text=&#8221;Add a heading (1080 x 1080 px) (3)&#8221; _builder_version=&#8221;4.27.4&#8243; _module_preset=&#8221;default&#8221; border_radii=&#8221;on|30px|30px|30px|30px&#8221; global_colors_info=&#8221;{}&#8221;][\/et_pb_image][\/et_pb_column][\/et_pb_row][\/et_pb_section][et_pb_section fb_built=&#8221;1&#8243; admin_label=&#8221;Feature&#8221; _builder_version=&#8221;4.22.0&#8243; _module_preset=&#8221;default&#8221; collapsed=&#8221;on&#8221; global_colors_info=&#8221;{}&#8221;][et_pb_row column_structure=&#8221;1_2,1_2&#8243; make_equal=&#8221;on&#8221; _builder_version=&#8221;4.27.4&#8243; _module_preset=&#8221;default&#8221; width=&#8221;100%&#8221; max_width=&#8221;2047px&#8221; global_colors_info=&#8221;{}&#8221;][et_pb_column type=&#8221;1_2&#8243; _builder_version=&#8221;4.22.0&#8243; _module_preset=&#8221;default&#8221; global_colors_info=&#8221;{}&#8221;][et_pb_image src=&#8221;https:\/\/marketcrosscompany.com\/wp-content\/uploads\/2025\/10\/Add-a-heading-1080-x-1080-px-4.png&#8221; title_text=&#8221;Add a heading (1080 x 1080 px) (4)&#8221; force_fullwidth=&#8221;on&#8221; _builder_version=&#8221;4.27.4&#8243; _module_preset=&#8221;default&#8221; scroll_horizontal_motion_enable=&#8221;on&#8221; scroll_horizontal_motion=&#8221;0|70|70|100|0.3|0|0&#8243; motion_trigger_start=&#8221;top&#8221; border_radii=&#8221;on|30px|30px|30px|30px&#8221; locked=&#8221;off&#8221; global_colors_info=&#8221;{}&#8221;][\/et_pb_image][\/et_pb_column][et_pb_column type=&#8221;1_2&#8243; _builder_version=&#8221;4.27.4&#8243; _module_preset=&#8221;default&#8221; background_color=&#8221;gcid-a93f2103-1d8b-43bb-b21d-81d84bba8b15&#8243; custom_padding=&#8221;60px|60px|60px|60px|true|true&#8221; custom_padding_tablet=&#8221;30px|30px|30px|30px|true|true&#8221; custom_padding_phone=&#8221;20px|20px|20px|20px|true|true&#8221; custom_padding_last_edited=&#8221;on|tablet&#8221; border_radii=&#8221;on|3vw|3vw|3vw|3vw&#8221; global_colors_info=&#8221;{%22gcid-a93f2103-1d8b-43bb-b21d-81d84bba8b15%22:%91%22background_color%22%93}&#8221;][et_pb_text _builder_version=&#8221;4.27.4&#8243; _module_preset=&#8221;cd6f4dd6-02d9-4890-a0ce-f0d63d65ed83&#8243; max_width=&#8221;100%&#8221; custom_margin=&#8221;||10px||false|false&#8221; locked=&#8221;off&#8221; global_colors_info=&#8221;{}&#8221;]<\/p>\n<h2 data-start=\"1189\" data-end=\"1248\">Criamos experi\u00eancias de comunica\u00e7\u00e3o que fortalecem sua cultura interna<\/h2>\n<p data-start=\"1250\" data-end=\"1491\">\n<p>[\/et_pb_text][et_pb_text _builder_version=&#8221;4.27.4&#8243; _module_preset=&#8221;40892cab-8682-4ce4-bab7-9eaae64d845b&#8221; max_width=&#8221;500px&#8221; locked=&#8221;off&#8221; global_colors_info=&#8221;{}&#8221;]<\/p>\n<p>Uma organiza\u00e7\u00e3o s\u00f3lida \u00e9 constru\u00edda por dentro. No MarketCross ajudamos as empresas a comunicar melhor com seus equipamentos, compartilhando mensagens claras, inspiradas e coerentes com seu prop\u00f3sito. Ent\u00e3o logramos que todos remenem para o mesmo objetivo.  <\/p>\n<p>[\/et_pb_text][et_pb_button button_url=&#8221;https:\/\/marketcrosscompany.com\/pt-br\/contato-marketcross\/&#8221; button_text=&#8221;Descubra como fazemos isso&#8221; _builder_version=&#8221;4.27.4&#8243; _module_preset=&#8221;82b9e001-f712-476b-a0a6-ee0e945e3ccc&#8221; custom_margin=&#8221;100px||||false|false&#8221; custom_margin_tablet=&#8221;0px||||false|false&#8221; custom_margin_phone=&#8221;0px||||false|false&#8221; custom_margin_last_edited=&#8221;on|tablet&#8221; locked=&#8221;off&#8221; global_colors_info=&#8221;{}&#8221;][\/et_pb_button][\/et_pb_column][\/et_pb_row][\/et_pb_section][et_pb_section fb_built=&#8221;1&#8243; admin_label=&#8221;Services&#8221; _builder_version=&#8221;4.22.0&#8243; _module_preset=&#8221;default&#8221; collapsed=&#8221;on&#8221; global_colors_info=&#8221;{}&#8221;][et_pb_row _builder_version=&#8221;4.24.0&#8243; _module_preset=&#8221;default&#8221; max_width=&#8221;1800px&#8221; locked=&#8221;off&#8221; global_colors_info=&#8221;{}&#8221;][et_pb_column type=&#8221;4_4&#8243; _builder_version=&#8221;4.22.0&#8243; _module_preset=&#8221;default&#8221; global_colors_info=&#8221;{}&#8221;][et_pb_text _builder_version=&#8221;4.27.4&#8243; _module_preset=&#8221;cd6f4dd6-02d9-4890-a0ce-f0d63d65ed83&#8243; header_2_font_size=&#8221;4vw&#8221; global_colors_info=&#8221;{}&#8221;]<\/p>\n<h2 data-start=\"221\" data-end=\"301\">Servi\u00e7os especializados em conte\u00fado e comunica\u00e7\u00e3o interna<\/h2>\n<p data-start=\"303\" data-end=\"336\">[\/et_pb_text][\/et_pb_column][\/et_pb_row][et_pb_row column_structure=&#8221;1_3,1_3,1_3&#8243; make_equal=&#8221;on&#8221; _builder_version=&#8221;4.24.0&#8243; _module_preset=&#8221;default&#8221; max_width=&#8221;1800px&#8221; locked=&#8221;off&#8221; global_colors_info=&#8221;{}&#8221;][et_pb_column type=&#8221;1_3&#8243; _builder_version=&#8221;4.22.0&#8243; _module_preset=&#8221;default&#8221; background_color=&#8221;gcid-a93f2103-1d8b-43bb-b21d-81d84bba8b15&#8243; custom_padding=&#8221;40px|20px|40px|20px|true|true&#8221; border_radii=&#8221;on|30px|30px|30px|30px&#8221; global_colors_info=&#8221;{%22gcid-a93f2103-1d8b-43bb-b21d-81d84bba8b15%22:%91%22background_color_1%22,%22background_color%22%93}&#8221;][et_pb_text _builder_version=&#8221;4.24.0&#8243; _module_preset=&#8221;8337d0e3-9312-4abd-a706-1d3bdf05f0ea&#8221; header_2_font_size=&#8221;48px&#8221; custom_margin=&#8221;||10px||false|false&#8221; global_colors_info=&#8221;{}&#8221;]<\/p>\n<h3>Fale com um especialista agora mesmo<\/h3>\n<p>[\/et_pb_text][et_pb_button button_url=&#8221;https:\/\/marketcrosscompany.com\/pt-br\/contato-marketcross\/&#8221; button_text=&#8221;Contato&#8221; _builder_version=&#8221;4.27.4&#8243; _module_preset=&#8221;82b9e001-f712-476b-a0a6-ee0e945e3ccc&#8221; global_colors_info=&#8221;{}&#8221;][\/et_pb_button][\/et_pb_column][et_pb_column type=&#8221;1_3&#8243; _builder_version=&#8221;4.24.0&#8243; _module_preset=&#8221;default&#8221; custom_padding=&#8221;30px|30px|30px|30px|true|true&#8221; border_radii=&#8221;on|30px|30px|30px|30px&#8221; border_width_all=&#8221;2px&#8221; border_color_all=&#8221;rgba(0,0,0,0.12)&#8221; global_colors_info=&#8221;{}&#8221;][et_pb_text _builder_version=&#8221;4.27.4&#8243; _module_preset=&#8221;4d2878ea-8923-48b0-a545-104e2046b87b&#8221; custom_margin=&#8221;||0px||false|false&#8221; global_colors_info=&#8221;{}&#8221;]<\/p>\n<h5>Narrativa de marca<\/h5>\n<p>[\/et_pb_text][et_pb_text _builder_version=&#8221;4.27.4&#8243; _module_preset=&#8221;36e1cd53-4733-4572-90e9-217d16348ee9&#8243; global_colors_info=&#8221;{}&#8221;]<\/p>\n<p>Criamos uma narrativa poderosa que transmite a ess\u00eancia, o prop\u00f3sito e os valores da sua organiza\u00e7\u00e3o. N\u00e3o se trata apenas de contar o que voc\u00ea faz, mas de construir uma hist\u00f3ria coerente que reflita quem voc\u00ea \u00e9, por que voc\u00ea existe e para onde voc\u00ea est\u00e1 indo. <\/p>\n<p>[\/et_pb_text][\/et_pb_column][et_pb_column type=&#8221;1_3&#8243; _builder_version=&#8221;4.22.0&#8243; _module_preset=&#8221;default&#8221; custom_padding=&#8221;30px|30px|30px|30px|true|true&#8221; border_radii=&#8221;on|30px|30px|30px|30px&#8221; border_width_all=&#8221;2px&#8221; border_color_all=&#8221;rgba(0,0,0,0.12)&#8221; global_colors_info=&#8221;{}&#8221;][et_pb_text _builder_version=&#8221;4.27.4&#8243; _module_preset=&#8221;4d2878ea-8923-48b0-a545-104e2046b87b&#8221; custom_margin=&#8221;||0px||false|false&#8221; locked=&#8221;off&#8221; global_colors_info=&#8221;{}&#8221;]<\/p>\n<h5>Notas para o blog<\/h5>\n<p>[\/et_pb_text][et_pb_text _builder_version=&#8221;4.22.0&#8243; _module_preset=&#8221;36e1cd53-4733-4572-90e9-217d16348ee9&#8243; locked=&#8221;off&#8221; global_colors_info=&#8221;{}&#8221;]<\/p>\n<p>Transformamos seu blog em um espa\u00e7o estrat\u00e9gico para inspirar, educar e conectar seu p\u00fablico.<br data-start=\"1105\" data-end=\"1108\">Criamos artigos pensados \u200b\u200bpara portar valor, informar e emocionar, enquanto otimizamos o conte\u00fado para melhorar seu posicionamento SEO e autoridade digital.<br data-start=\"1267\" data-end=\"1270\"><\/p>\n<p>[\/et_pb_text][\/et_pb_column][\/et_pb_row][et_pb_row column_structure=&#8221;1_3,1_3,1_3&#8243; make_equal=&#8221;on&#8221; _builder_version=&#8221;4.27.4&#8243; _module_preset=&#8221;default&#8221; max_width=&#8221;1800px&#8221; locked=&#8221;off&#8221; global_colors_info=&#8221;{}&#8221;][et_pb_column type=&#8221;1_3&#8243; _builder_version=&#8221;4.24.0&#8243; _module_preset=&#8221;default&#8221; custom_padding=&#8221;30px|30px|30px|30px|true|true&#8221; border_radii=&#8221;on|30px|30px|30px|30px&#8221; border_width_all=&#8221;2px&#8221; border_color_all=&#8221;rgba(0,0,0,0.12)&#8221; global_colors_info=&#8221;{}&#8221;][et_pb_text _builder_version=&#8221;4.27.4&#8243; _module_preset=&#8221;4d2878ea-8923-48b0-a545-104e2046b87b&#8221; custom_margin=&#8221;||0px||false|false&#8221; locked=&#8221;off&#8221; global_colors_info=&#8221;{}&#8221;]<\/p>\n<h5>Emailings<\/h5>\n<p>[\/et_pb_text][et_pb_text _builder_version=&#8221;4.24.0&#8243; _module_preset=&#8221;36e1cd53-4733-4572-90e9-217d16348ee9&#8243; locked=&#8221;off&#8221; global_colors_info=&#8221;{}&#8221;]<\/p>\n<p>Criamos campanhas de email marketing que mant\u00eam seu p\u00fablico informado, interessado e comprometido com sua marca.<\/p>\n<p>[\/et_pb_text][\/et_pb_column][et_pb_column type=&#8221;1_3&#8243; _builder_version=&#8221;4.22.0&#8243; _module_preset=&#8221;default&#8221; custom_padding=&#8221;30px|30px|30px|30px|true|true&#8221; border_radii=&#8221;on|30px|30px|30px|30px&#8221; border_width_all=&#8221;2px&#8221; border_color_all=&#8221;rgba(0,0,0,0.12)&#8221; global_colors_info=&#8221;{}&#8221;][et_pb_text _builder_version=&#8221;4.24.0&#8243; _module_preset=&#8221;4d2878ea-8923-48b0-a545-104e2046b87b&#8221; custom_margin=&#8221;||0px||false|false&#8221; locked=&#8221;off&#8221; global_colors_info=&#8221;{}&#8221;]<\/p>\n<h5>Defesa dos funcion\u00e1rios<\/h5>\n<p>[\/et_pb_text][et_pb_text _builder_version=&#8221;4.22.0&#8243; _module_preset=&#8221;36e1cd53-4733-4572-90e9-217d16348ee9&#8243; locked=&#8221;off&#8221; global_colors_info=&#8221;{}&#8221;]<\/p>\n<p>Convertimos a seus colaboradores em embaixadores de sua marca. Criamos estrat\u00e9gias que os motivam a compartilhar conte\u00fado e fortalecer a cultura interna. <\/p>\n<p>[\/et_pb_text][\/et_pb_column][et_pb_column type=&#8221;1_3&#8243; _builder_version=&#8221;4.24.0&#8243; _module_preset=&#8221;default&#8221; custom_padding=&#8221;30px|30px|30px|30px|true|true&#8221; border_radii=&#8221;on|30px|30px|30px|30px&#8221; border_width_all=&#8221;2px&#8221; border_color_all=&#8221;rgba(0,0,0,0.12)&#8221; global_colors_info=&#8221;{}&#8221;][et_pb_text _builder_version=&#8221;4.27.4&#8243; _module_preset=&#8221;4d2878ea-8923-48b0-a545-104e2046b87b&#8221; custom_margin=&#8221;||0px||false|false&#8221; locked=&#8221;off&#8221; global_colors_info=&#8221;{}&#8221;]<\/p>\n<h5>Ghostwriting<\/h5>\n<p>[\/et_pb_text][et_pb_text _builder_version=&#8221;4.24.0&#8243; _module_preset=&#8221;36e1cd53-4733-4572-90e9-217d16348ee9&#8243; locked=&#8221;off&#8221; global_colors_info=&#8221;{}&#8221;]<\/p>\n<p>Creamos conte\u00fado em nome de seus l\u00edderes ou marca (art\u00edculos, colunas, livros, discursos), refletindo seu estilo e refor\u00e7ando sua autoridade.<\/p>\n<p>[\/et_pb_text][\/et_pb_column][\/et_pb_row][et_pb_row make_equal=&#8221;on&#8221; _builder_version=&#8221;4.27.4&#8243; _module_preset=&#8221;default&#8221; max_width=&#8221;641px&#8221; module_alignment=&#8221;left&#8221; custom_padding=&#8221;|0px||193px|false|false&#8221; locked=&#8221;off&#8221; global_colors_info=&#8221;{}&#8221;][et_pb_column type=&#8221;4_4&#8243; _builder_version=&#8221;4.24.0&#8243; _module_preset=&#8221;default&#8221; custom_padding=&#8221;30px|30px|30px|30px|true|true&#8221; border_radii=&#8221;on|30px|30px|30px|30px&#8221; border_width_all=&#8221;2px&#8221; border_color_all=&#8221;rgba(0,0,0,0.12)&#8221; global_colors_info=&#8221;{}&#8221;][et_pb_text _builder_version=&#8221;4.27.4&#8243; _module_preset=&#8221;4d2878ea-8923-48b0-a545-104e2046b87b&#8221; custom_margin=&#8221;||0px||false|false&#8221; custom_padding=&#8221;15px|||||&#8221; locked=&#8221;off&#8221; global_colors_info=&#8221;{}&#8221;]<\/p>\n<h5>Conte\u00fados Institucionais<\/h5>\n<p>[\/et_pb_text][et_pb_text _builder_version=&#8221;4.27.4&#8243; _module_preset=&#8221;36e1cd53-4733-4572-90e9-217d16348ee9&#8243; locked=&#8221;off&#8221; global_colors_info=&#8221;{}&#8221;]<\/p>\n<p>Criamos conte\u00fado corporativo que comunica a ess\u00eancia da sua organiza\u00e7\u00e3o \u2014 de relat\u00f3rios anuais a mensagens executivas \u2014 com clareza e prop\u00f3sito.<\/p>\n<p>[\/et_pb_text][\/et_pb_column][\/et_pb_row][\/et_pb_section]<\/p>\n","protected":false},"excerpt":{"rendered":"<p>Conte\u00fado e Comunica\u00e7\u00e3o Interna: Narrativas que Inspiram e Conectam &nbsp;Criamos conte\u00fado multim\u00eddia que gera conversas multiplataforma e transforma a maneira como sua equipe se conecta e colabora. Desenvolvemos estrat\u00e9gias de comunica\u00e7\u00e3o interna que fortalecem a cultura corporativa, impulsionam o engajamento e alinham valores. Conectamos pessoas, prop\u00f3sitos e mensagensCultura corporativa s\u00f3lidaDesenhamos estrat\u00e9gias que inspirem senso de [&hellip;]<\/p>\n","protected":false},"author":1,"featured_media":0,"parent":0,"menu_order":0,"comment_status":"closed","ping_status":"closed","template":"","meta":{"_et_pb_use_builder":"on","_et_pb_old_content":"","_et_gb_content_width":"","footnotes":""},"class_list":["post-7295","page","type-page","status-publish","hentry"],"yoast_head":"<!-- This site is optimized with the Yoast SEO plugin v27.3 - https:\/\/yoast.com\/product\/yoast-seo-wordpress\/ -->\n<title>Comunica\u00e7\u00e3o Interna - MarketCross - Agencia de PR que impulsa tu negocio<\/title>\n<meta name=\"robots\" content=\"index, follow, max-snippet:-1, max-image-preview:large, max-video-preview:-1\" \/>\n<link rel=\"canonical\" href=\"https:\/\/marketcrosscompany.com\/pt-br\/comunicacao-interna\/\" \/>\n<meta property=\"og:locale\" content=\"pt_BR\" \/>\n<meta property=\"og:type\" content=\"article\" \/>\n<meta property=\"og:title\" content=\"Comunica\u00e7\u00e3o Interna - MarketCross - Agencia de PR que impulsa tu negocio\" \/>\n<meta property=\"og:description\" content=\"Conte\u00fado e Comunica\u00e7\u00e3o Interna: Narrativas que Inspiram e Conectam &nbsp;Criamos conte\u00fado multim\u00eddia que gera conversas multiplataforma e transforma a maneira como sua equipe se conecta e colabora. Desenvolvemos estrat\u00e9gias de comunica\u00e7\u00e3o interna que fortalecem a cultura corporativa, impulsionam o engajamento e alinham valores. Conectamos pessoas, prop\u00f3sitos e mensagensCultura corporativa s\u00f3lidaDesenhamos estrat\u00e9gias que inspirem senso de [&hellip;]\" \/>\n<meta property=\"og:url\" content=\"https:\/\/marketcrosscompany.com\/pt-br\/comunicacao-interna\/\" \/>\n<meta property=\"og:site_name\" content=\"MarketCross - Agencia de PR que impulsa tu negocio\" \/>\n<meta property=\"article:modified_time\" content=\"2025-10-17T18:51:59+00:00\" \/>\n<meta name=\"twitter:card\" content=\"summary_large_image\" \/>\n<meta name=\"twitter:label1\" content=\"Est. tempo de leitura\" \/>\n\t<meta name=\"twitter:data1\" content=\"10 minutos\" \/>\n<!-- \/ Yoast SEO plugin. -->","yoast_head_json":{"title":"Comunica\u00e7\u00e3o Interna - MarketCross - Agencia de PR que impulsa tu negocio","robots":{"index":"index","follow":"follow","max-snippet":"max-snippet:-1","max-image-preview":"max-image-preview:large","max-video-preview":"max-video-preview:-1"},"canonical":"https:\/\/marketcrosscompany.com\/pt-br\/comunicacao-interna\/","og_locale":"pt_BR","og_type":"article","og_title":"Comunica\u00e7\u00e3o Interna - MarketCross - Agencia de PR que impulsa tu negocio","og_description":"Conte\u00fado e Comunica\u00e7\u00e3o Interna: Narrativas que Inspiram e Conectam &nbsp;Criamos conte\u00fado multim\u00eddia que gera conversas multiplataforma e transforma a maneira como sua equipe se conecta e colabora. Desenvolvemos estrat\u00e9gias de comunica\u00e7\u00e3o interna que fortalecem a cultura corporativa, impulsionam o engajamento e alinham valores. Conectamos pessoas, prop\u00f3sitos e mensagensCultura corporativa s\u00f3lidaDesenhamos estrat\u00e9gias que inspirem senso de [&hellip;]","og_url":"https:\/\/marketcrosscompany.com\/pt-br\/comunicacao-interna\/","og_site_name":"MarketCross - Agencia de PR que impulsa tu negocio","article_modified_time":"2025-10-17T18:51:59+00:00","twitter_card":"summary_large_image","twitter_misc":{"Est. tempo de leitura":"10 minutos"},"schema":{"@context":"https:\/\/schema.org","@graph":[{"@type":"WebPage","@id":"https:\/\/marketcrosscompany.com\/pt-br\/comunicacao-interna\/","url":"https:\/\/marketcrosscompany.com\/pt-br\/comunicacao-interna\/","name":"Comunica\u00e7\u00e3o Interna - MarketCross - Agencia de PR que impulsa tu negocio","isPartOf":{"@id":"https:\/\/marketcrosscompany.com\/pt-br\/#website"},"datePublished":"2025-10-06T22:52:32+00:00","dateModified":"2025-10-17T18:51:59+00:00","breadcrumb":{"@id":"https:\/\/marketcrosscompany.com\/pt-br\/comunicacao-interna\/#breadcrumb"},"inLanguage":"pt-BR","potentialAction":[{"@type":"ReadAction","target":["https:\/\/marketcrosscompany.com\/pt-br\/comunicacao-interna\/"]}]},{"@type":"BreadcrumbList","@id":"https:\/\/marketcrosscompany.com\/pt-br\/comunicacao-interna\/#breadcrumb","itemListElement":[{"@type":"ListItem","position":1,"name":"Portada","item":"https:\/\/marketcrosscompany.com\/pt-br\/"},{"@type":"ListItem","position":2,"name":"Comunica\u00e7\u00e3o Interna"}]},{"@type":"WebSite","@id":"https:\/\/marketcrosscompany.com\/pt-br\/#website","url":"https:\/\/marketcrosscompany.com\/pt-br\/","name":"MarketCross - Agencia de PR que impulsa tu negocio","description":"Agencia de Prensa y Comunicaciones l\u00edder en Latinoam\u00e9rica.","publisher":{"@id":"https:\/\/marketcrosscompany.com\/pt-br\/#organization"},"potentialAction":[{"@type":"SearchAction","target":{"@type":"EntryPoint","urlTemplate":"https:\/\/marketcrosscompany.com\/pt-br\/?s={search_term_string}"},"query-input":{"@type":"PropertyValueSpecification","valueRequired":true,"valueName":"search_term_string"}}],"inLanguage":"pt-BR"},{"@type":"Organization","@id":"https:\/\/marketcrosscompany.com\/pt-br\/#organization","name":"MarketCross - Agencia de PR que impulsa tu negocio","url":"https:\/\/marketcrosscompany.com\/pt-br\/","logo":{"@type":"ImageObject","inLanguage":"pt-BR","@id":"https:\/\/marketcrosscompany.com\/pt-br\/#\/schema\/logo\/image\/","url":"https:\/\/marketcrosscompany.com\/wp-content\/uploads\/2023\/08\/Diseno-sin-titulo-3.png","contentUrl":"https:\/\/marketcrosscompany.com\/wp-content\/uploads\/2023\/08\/Diseno-sin-titulo-3.png","width":696,"height":696,"caption":"MarketCross - Agencia de PR que impulsa tu negocio"},"image":{"@id":"https:\/\/marketcrosscompany.com\/pt-br\/#\/schema\/logo\/image\/"}}]}},"_links":{"self":[{"href":"https:\/\/marketcrosscompany.com\/pt-br\/wp-json\/wp\/v2\/pages\/7295","targetHints":{"allow":["GET"]}}],"collection":[{"href":"https:\/\/marketcrosscompany.com\/pt-br\/wp-json\/wp\/v2\/pages"}],"about":[{"href":"https:\/\/marketcrosscompany.com\/pt-br\/wp-json\/wp\/v2\/types\/page"}],"author":[{"embeddable":true,"href":"https:\/\/marketcrosscompany.com\/pt-br\/wp-json\/wp\/v2\/users\/1"}],"replies":[{"embeddable":true,"href":"https:\/\/marketcrosscompany.com\/pt-br\/wp-json\/wp\/v2\/comments?post=7295"}],"version-history":[{"count":10,"href":"https:\/\/marketcrosscompany.com\/pt-br\/wp-json\/wp\/v2\/pages\/7295\/revisions"}],"predecessor-version":[{"id":7381,"href":"https:\/\/marketcrosscompany.com\/pt-br\/wp-json\/wp\/v2\/pages\/7295\/revisions\/7381"}],"wp:attachment":[{"href":"https:\/\/marketcrosscompany.com\/pt-br\/wp-json\/wp\/v2\/media?parent=7295"}],"curies":[{"name":"wp","href":"https:\/\/api.w.org\/{rel}","templated":true}]}}