{"id":3272,"date":"2021-11-10T19:35:06","date_gmt":"2021-11-10T19:35:06","guid":{"rendered":"https:\/\/marketcrosscompany.com\/?page_id=3272"},"modified":"2023-08-07T20:21:59","modified_gmt":"2023-08-07T20:21:59","slug":"politica-de-privacidade-marketcross","status":"publish","type":"page","link":"https:\/\/marketcrosscompany.com\/pt-br\/politica-de-privacidade-marketcross\/","title":{"rendered":"<strong>POL\u00cdTICA DE PRIVACIDADE<\/strong>"},"content":{"rendered":"<p>[et_pb_section fb_built=&#8221;1&#8243; _builder_version=&#8221;4.16&#8243; global_colors_info=&#8221;{}&#8221; theme_builder_area=&#8221;post_content&#8221;][et_pb_row _builder_version=&#8221;4.16&#8243; background_size=&#8221;initial&#8221; background_position=&#8221;top_left&#8221; background_repeat=&#8221;repeat&#8221; global_colors_info=&#8221;{}&#8221; theme_builder_area=&#8221;post_content&#8221;][et_pb_column type=&#8221;4_4&#8243; _builder_version=&#8221;4.16&#8243; custom_padding=&#8221;|||&#8221; global_colors_info=&#8221;{}&#8221; custom_padding__hover=&#8221;|||&#8221; theme_builder_area=&#8221;post_content&#8221;][et_pb_text _builder_version=&#8221;4.16&#8243; background_size=&#8221;initial&#8221; background_position=&#8221;top_left&#8221; background_repeat=&#8221;repeat&#8221; global_colors_info=&#8221;{}&#8221; theme_builder_area=&#8221;post_content&#8221;]<!-- divi:heading --><\/p>\n<p><span style=\"font-weight: 400;\">Esta Pol\u00edtica de Privacidade estabelece os termos que a MarketCross Company usa e protege as informa\u00e7\u00f5es fornecidas por seus usu\u00e1rios ao utilizarem o seu site. Esta empresa est\u00e1 comprometida com a seguran\u00e7a dos dados de seus usu\u00e1rios. Quando pedimos aos usu\u00e1rios que preencham os campos com dados pessoais, com os quais possam ser identificados, fazemos isto assegurando que os mesmos ser\u00e3o apenas utilizados de acordo com os termos deste documento.<\/span><\/p>\n<p><b>Informa\u00e7\u00f5es coletadas<\/b><\/p>\n<h2><\/h2>\n<p><span style=\"font-weight: 400;\">O nosso site pode coletar informa\u00e7\u00f5es pessoais, como por exemplo: nome, informa\u00e7\u00f5es de contato e endere\u00e7o de e-mail.<\/span><\/p>\n<h2><\/h2>\n<p><b>Uso das informa\u00e7\u00f5es coletadas<\/b><\/p>\n<h2><\/h2>\n<p><span style=\"font-weight: 400;\">O nosso website utiliza a informa\u00e7\u00e3o coletada de forma a prestar o melhor servi\u00e7o poss\u00edvel, particularmente para manter um registo dos usu\u00e1rios, de encomendas se aplic\u00e1vel, e para melhorar os nossos produtos e servi\u00e7os. \u00c9 poss\u00edvel que sejam enviados e-mails peri\u00f3dicos atrav\u00e9s do nosso site com as informa\u00e7\u00f5es que consideramos relevantes, para que possam trazer algum benef\u00edcio. Esses e-mails ser\u00e3o enviados para o endere\u00e7o eletr\u00f4nico que o usu\u00e1rio nos indicar e poder\u00e3o ser cancelados a qualquer momento.<\/span><\/p>\n<h2><\/h2>\n<p><span style=\"font-weight: 400;\">A MarketCross Company est\u00e1 altamente comprometida em cumprir o compromisso de manter as suas informa\u00e7\u00f5es seguras. Utilizamos os sistemas mais avan\u00e7ados e os atualizamos constantemente, para garantir que n\u00e3o haja acesso n\u00e3o autorizado.<\/span><\/p>\n<h2><\/h2>\n<p><b>Cookies<\/b><\/p>\n<h2><\/h2>\n<p><span style=\"font-weight: 400;\">Um cookie refere-se a um arquivo que \u00e9 enviado com a finalidade de solicitar permiss\u00e3o para ser armazenado em seu computador. Ao aceitar o referido arquivo, ele \u00e9 criado e o cookie \u00e9 usado para obter informa\u00e7\u00f5es sobre o tr\u00e1fego web, al\u00e9m de facilitar futuras visitas recorrentes a um site. Outra fun\u00e7\u00e3o que os cookies t\u00eam \u00e9 que, com eles, a web pode reconhec\u00ea-lo individualmente e, portanto, fornecer o melhor servi\u00e7o personalizado em seu site.<\/span><\/p>\n<h2><\/h2>\n<p><span style=\"font-weight: 400;\">O nosso website utiliza cookies para poder identificar as p\u00e1ginas que s\u00e3o visitadas e a sua frequ\u00eancia. Essas informa\u00e7\u00f5es s\u00e3o usadas apenas para an\u00e1lise estat\u00edstica e, em seguida, as informa\u00e7\u00f5es s\u00e3o exclu\u00eddas permanentemente. Voc\u00ea pode excluir os cookies a qualquer momento do seu computador. No entanto, os cookies ajudam a fornecer um servi\u00e7o melhor para os sites. Voc\u00ea n\u00e3o est\u00e1 dando acesso \u00e0s informa\u00e7\u00f5es do seu computador ou sobre voc\u00ea. Voc\u00ea pode aceitar ou negar o uso de cookies, no entanto, a maioria dos navegadores aceita cookies automaticamente, pois servem para ter um melhor servi\u00e7o web.<\/span><\/p>\n<h2><\/h2>\n<p><span style=\"font-weight: 400;\">Voc\u00ea tamb\u00e9m pode alterar as configura\u00e7\u00f5es do seu computador para recusar cookies. Se eles forem recusados, talvez voc\u00ea n\u00e3o consiga usar alguns dos nossos servi\u00e7os.<\/span><\/p>\n<h2><\/h2>\n<p><b>Controle das suas informa\u00e7\u00f5es pessoais<\/b><\/p>\n<h2><\/h2>\n<p><span style=\"font-weight: 400;\">Esta empresa n\u00e3o vender\u00e1, ceder\u00e1 ou distribuir\u00e1 as informa\u00e7\u00f5es pessoais coletadas sem o seu consentimento, a menos que exigido por um juiz com ordem judicial. A MarketCross Company reserva-se o direito de alterar os termos desta Pol\u00edtica de Privacidade, a qualquer momento.<\/span><\/p>\n<p><!-- \/divi:paragraph -->[\/et_pb_text][\/et_pb_column][\/et_pb_row][\/et_pb_section]<\/p>\n","protected":false},"excerpt":{"rendered":"<p>Pol\u00edtica de Privacidade da MarketCross. Saber sempre como os seus dados pessoais s\u00e3o utilizados, partilhados e protegidos.<\/p>\n","protected":false},"author":1,"featured_media":2042,"parent":0,"menu_order":0,"comment_status":"closed","ping_status":"open","template":"","meta":{"_et_pb_use_builder":"on","_et_pb_old_content":"<!-- wp:heading -->\n<h2>Qui\u00e9nes somos<\/h2>\n<!-- \/wp:heading -->\n\n<!-- wp:paragraph -->\n<p><strong class=\"privacy-policy-tutorial\">Texto sugerido: <\/strong>La direcci\u00f3n de nuestra web es: http:\/\/marketcrosscompany.devorganics.com.ar.<\/p>\n<!-- \/wp:paragraph -->\n\n<!-- wp:heading -->\n<h2>Comentarios<\/h2>\n<!-- \/wp:heading -->\n\n<!-- wp:paragraph -->\n<p><strong class=\"privacy-policy-tutorial\">Texto sugerido: <\/strong>Cuando los visitantes dejan comentarios en la web, recopilamos los datos que se muestran en el formulario de comentarios, as\u00ed como la direcci\u00f3n IP del visitante y la cadena de agentes de usuario del navegador para ayudar a la detecci\u00f3n de spam.<\/p>\n<!-- \/wp:paragraph -->\n\n<!-- wp:paragraph -->\n<p>Una cadena an\u00f3nima creada a partir de tu direcci\u00f3n de correo electr\u00f3nico (tambi\u00e9n llamada hash) puede ser proporcionada al servicio de Gravatar para ver si la est\u00e1s usando. La pol\u00edtica de privacidad del servicio Gravatar est\u00e1 disponible aqu\u00ed: https:\/\/automattic.com\/privacy\/. Despu\u00e9s de la aprobaci\u00f3n de tu comentario, la imagen de tu perfil es visible para el p\u00fablico en el contexto de tu comentario.<\/p>\n<!-- \/wp:paragraph -->\n\n<!-- wp:heading -->\n<h2>Medios<\/h2>\n<!-- \/wp:heading -->\n\n<!-- wp:paragraph -->\n<p><strong class=\"privacy-policy-tutorial\">Texto sugerido: <\/strong>Si subes im\u00e1genes a la web, deber\u00edas evitar subir im\u00e1genes con datos de ubicaci\u00f3n (GPS EXIF) incluidos. Los visitantes de la web pueden descargar y extraer cualquier dato de ubicaci\u00f3n de las im\u00e1genes de la web.<\/p>\n<!-- \/wp:paragraph -->\n\n<!-- wp:heading -->\n<h2>Cookies<\/h2>\n<!-- \/wp:heading -->\n\n<!-- wp:paragraph -->\n<p><strong class=\"privacy-policy-tutorial\">Texto sugerido: <\/strong>Si dejas un comentario en nuestro sitio puedes elegir guardar tu nombre, direcci\u00f3n de correo electr\u00f3nico y web en cookies. Esto es para tu comodidad, para que no tengas que volver a rellenar tus datos cuando dejes otro comentario. Estas cookies tendr\u00e1n una duraci\u00f3n de un a\u00f1o.<\/p>\n<!-- \/wp:paragraph -->\n\n<!-- wp:paragraph -->\n<p>Si tienes una cuenta y te conectas a este sitio, instalaremos una cookie temporal para determinar si tu navegador acepta cookies. Esta cookie no contiene datos personales y se elimina al cerrar el navegador.<\/p>\n<!-- \/wp:paragraph -->\n\n<!-- wp:paragraph -->\n<p>Cuando accedas, tambi\u00e9n instalaremos varias cookies para guardar tu informaci\u00f3n de acceso y tus opciones de visualizaci\u00f3n de pantalla. Las cookies de acceso duran dos d\u00edas, y las cookies de opciones de pantalla duran un a\u00f1o. Si seleccionas \u00abRecu\u00e9rdarme\u00bb, tu acceso perdurar\u00e1 durante dos semanas. Si sales de tu cuenta, las cookies de acceso se eliminar\u00e1n.<\/p>\n<!-- \/wp:paragraph -->\n\n<!-- wp:paragraph -->\n<p>Si editas o publicas un art\u00edculo se guardar\u00e1 una cookie adicional en tu navegador. Esta cookie no incluye datos personales y simplemente indica el ID del art\u00edculo que acabas de editar. Caduca despu\u00e9s de 1 d\u00eda.<\/p>\n<!-- \/wp:paragraph -->\n\n<!-- wp:heading -->\n<h2>Contenido incrustado de otros sitios web<\/h2>\n<!-- \/wp:heading -->\n\n<!-- wp:paragraph -->\n<p><strong class=\"privacy-policy-tutorial\">Texto sugerido: <\/strong>Los art\u00edculos de este sitio pueden incluir contenido incrustado (por ejemplo, v\u00eddeos, im\u00e1genes, art\u00edculos, etc.). El contenido incrustado de otras webs se comporta exactamente de la misma manera que si el visitante hubiera visitado la otra web.<\/p>\n<!-- \/wp:paragraph -->\n\n<!-- wp:paragraph -->\n<p>Estas web pueden recopilar datos sobre ti, utilizar cookies, incrustar un seguimiento adicional de terceros, y supervisar tu interacci\u00f3n con ese contenido incrustado, incluido el seguimiento de tu interacci\u00f3n con el contenido incrustado si tienes una cuenta y est\u00e1s conectado a esa web.<\/p>\n<!-- \/wp:paragraph -->\n\n<!-- wp:heading -->\n<h2>Con qui\u00e9n compartimos tus datos<\/h2>\n<!-- \/wp:heading -->\n\n<!-- wp:paragraph -->\n<p><strong class=\"privacy-policy-tutorial\">Texto sugerido: <\/strong>Si solicitas un restablecimiento de contrase\u00f1a, tu direcci\u00f3n IP ser\u00e1 incluida en el correo electr\u00f3nico de restablecimiento.<\/p>\n<!-- \/wp:paragraph -->\n\n<!-- wp:heading -->\n<h2>Cu\u00e1nto tiempo conservamos tus datos<\/h2>\n<!-- \/wp:heading -->\n\n<!-- wp:paragraph -->\n<p><strong class=\"privacy-policy-tutorial\">Texto sugerido: <\/strong>Si dejas un comentario, el comentario y sus metadatos se conservan indefinidamente. Esto es para que podamos reconocer y aprobar comentarios sucesivos autom\u00e1ticamente, en lugar de mantenerlos en una cola de moderaci\u00f3n.<\/p>\n<!-- \/wp:paragraph -->\n\n<!-- wp:paragraph -->\n<p>De los usuarios que se registran en nuestra web (si los hay), tambi\u00e9n almacenamos la informaci\u00f3n personal que proporcionan en su perfil de usuario. Todos los usuarios pueden ver, editar o eliminar su informaci\u00f3n personal en cualquier momento (excepto que no pueden cambiar su nombre de usuario). Los administradores de la web tambi\u00e9n pueden ver y editar esa informaci\u00f3n.<\/p>\n<!-- \/wp:paragraph -->\n\n<!-- wp:heading -->\n<h2>Qu\u00e9 derechos tienes sobre tus datos<\/h2>\n<!-- \/wp:heading -->\n\n<!-- wp:paragraph -->\n<p><strong class=\"privacy-policy-tutorial\">Texto sugerido: <\/strong>Si tienes una cuenta o has dejado comentarios en esta web, puedes solicitar recibir un archivo de exportaci\u00f3n de los datos personales que tenemos sobre ti, incluyendo cualquier dato que nos hayas proporcionado. Tambi\u00e9n puedes solicitar que eliminemos cualquier dato personal que tengamos sobre ti. Esto no incluye ning\u00fan dato que estemos obligados a conservar con fines administrativos, legales o de seguridad.<\/p>\n<!-- \/wp:paragraph -->\n\n<!-- wp:heading -->\n<h2>D\u00f3nde enviamos tus datos<\/h2>\n<!-- \/wp:heading -->\n\n<!-- wp:paragraph -->\n<p><strong class=\"privacy-policy-tutorial\">Texto sugerido: <\/strong>Los comentarios de los visitantes puede que los revise un servicio de detecci\u00f3n autom\u00e1tica de spam.<\/p>\n<!-- \/wp:paragraph -->","_et_gb_content_width":"","footnotes":""},"class_list":["post-3272","page","type-page","status-publish","has-post-thumbnail","hentry"],"yoast_head":"<!-- This site is optimized with the Yoast SEO plugin v27.4 - https:\/\/yoast.com\/product\/yoast-seo-wordpress\/ -->\n<title>Pol\u00edtica de Privacidade \u2013 MarketCross<\/title>\n<meta name=\"description\" content=\"Pol\u00edtica de Privacidade da MarketCross. Saber sempre como os seus dados pessoais s\u00e3o utilizados, partilhados e protegidos.\" \/>\n<meta name=\"robots\" content=\"index, follow, max-snippet:-1, max-image-preview:large, max-video-preview:-1\" \/>\n<link rel=\"canonical\" href=\"https:\/\/marketcrosscompany.com\/pt-br\/politica-de-privacidade-marketcross\/\" \/>\n<meta property=\"og:locale\" content=\"pt_BR\" \/>\n<meta property=\"og:type\" content=\"article\" \/>\n<meta property=\"og:title\" content=\"Pol\u00edtica de Privacidade \u2013 MarketCross\" \/>\n<meta property=\"og:description\" content=\"Pol\u00edtica de Privacidade da MarketCross. Saber sempre como os seus dados pessoais s\u00e3o utilizados, partilhados e protegidos.\" \/>\n<meta property=\"og:url\" content=\"https:\/\/marketcrosscompany.com\/pt-br\/politica-de-privacidade-marketcross\/\" \/>\n<meta property=\"og:site_name\" content=\"MarketCross - Agencia de PR que impulsa tu negocio\" \/>\n<meta property=\"article:modified_time\" content=\"2023-08-07T20:21:59+00:00\" \/>\n<meta property=\"og:image\" content=\"https:\/\/marketcrosscompany.com\/wp-content\/uploads\/2022\/01\/002997_f1040cce5cfe4ff299891d8087da0888_mv2.webp\" \/>\n\t<meta property=\"og:image:width\" content=\"566\" \/>\n\t<meta property=\"og:image:height\" content=\"360\" \/>\n\t<meta property=\"og:image:type\" content=\"image\/webp\" \/>\n<meta name=\"twitter:card\" content=\"summary_large_image\" \/>\n<meta name=\"twitter:title\" content=\"Pol\u00edtica de Privacidade \u2013 MarketCross\" \/>\n<meta name=\"twitter:description\" content=\"Pol\u00edtica de Privacidade da MarketCross. Saber sempre como os seus dados pessoais s\u00e3o utilizados, partilhados e protegidos.\" \/>\n<meta name=\"twitter:image\" content=\"https:\/\/marketcrosscompany.com\/wp-content\/uploads\/2022\/01\/002997_f1040cce5cfe4ff299891d8087da0888_mv2.webp\" \/>\n<meta name=\"twitter:label1\" content=\"Est. tempo de leitura\" \/>\n\t<meta name=\"twitter:data1\" content=\"3 minutos\" \/>\n<!-- \/ Yoast SEO plugin. -->","yoast_head_json":{"title":"Pol\u00edtica de Privacidade \u2013 MarketCross","description":"Pol\u00edtica de Privacidade da MarketCross. Saber sempre como os seus dados pessoais s\u00e3o utilizados, partilhados e protegidos.","robots":{"index":"index","follow":"follow","max-snippet":"max-snippet:-1","max-image-preview":"max-image-preview:large","max-video-preview":"max-video-preview:-1"},"canonical":"https:\/\/marketcrosscompany.com\/pt-br\/politica-de-privacidade-marketcross\/","og_locale":"pt_BR","og_type":"article","og_title":"Pol\u00edtica de Privacidade \u2013 MarketCross","og_description":"Pol\u00edtica de Privacidade da MarketCross. Saber sempre como os seus dados pessoais s\u00e3o utilizados, partilhados e protegidos.","og_url":"https:\/\/marketcrosscompany.com\/pt-br\/politica-de-privacidade-marketcross\/","og_site_name":"MarketCross - Agencia de PR que impulsa tu negocio","article_modified_time":"2023-08-07T20:21:59+00:00","og_image":[{"width":566,"height":360,"url":"https:\/\/marketcrosscompany.com\/wp-content\/uploads\/2022\/01\/002997_f1040cce5cfe4ff299891d8087da0888_mv2.webp","type":"image\/webp"}],"twitter_card":"summary_large_image","twitter_title":"Pol\u00edtica de Privacidade \u2013 MarketCross","twitter_description":"Pol\u00edtica de Privacidade da MarketCross. Saber sempre como os seus dados pessoais s\u00e3o utilizados, partilhados e protegidos.","twitter_image":"https:\/\/marketcrosscompany.com\/wp-content\/uploads\/2022\/01\/002997_f1040cce5cfe4ff299891d8087da0888_mv2.webp","twitter_misc":{"Est. tempo de leitura":"3 minutos"},"schema":{"@context":"https:\/\/schema.org","@graph":[{"@type":"WebPage","@id":"https:\/\/marketcrosscompany.com\/pt-br\/politica-de-privacidade-marketcross\/","url":"https:\/\/marketcrosscompany.com\/pt-br\/politica-de-privacidade-marketcross\/","name":"Pol\u00edtica de Privacidade \u2013 MarketCross","isPartOf":{"@id":"https:\/\/marketcrosscompany.com\/pt-br\/#website"},"primaryImageOfPage":{"@id":"https:\/\/marketcrosscompany.com\/pt-br\/politica-de-privacidade-marketcross\/#primaryimage"},"image":{"@id":"https:\/\/marketcrosscompany.com\/pt-br\/politica-de-privacidade-marketcross\/#primaryimage"},"thumbnailUrl":"https:\/\/marketcrosscompany.com\/wp-content\/uploads\/2022\/01\/002997_f1040cce5cfe4ff299891d8087da0888_mv2.webp","datePublished":"2021-11-10T19:35:06+00:00","dateModified":"2023-08-07T20:21:59+00:00","description":"Pol\u00edtica de Privacidade da MarketCross. Saber sempre como os seus dados pessoais s\u00e3o utilizados, partilhados e protegidos.","breadcrumb":{"@id":"https:\/\/marketcrosscompany.com\/pt-br\/politica-de-privacidade-marketcross\/#breadcrumb"},"inLanguage":"pt-BR","potentialAction":[{"@type":"ReadAction","target":["https:\/\/marketcrosscompany.com\/pt-br\/politica-de-privacidade-marketcross\/"]}]},{"@type":"ImageObject","inLanguage":"pt-BR","@id":"https:\/\/marketcrosscompany.com\/pt-br\/politica-de-privacidade-marketcross\/#primaryimage","url":"https:\/\/marketcrosscompany.com\/wp-content\/uploads\/2022\/01\/002997_f1040cce5cfe4ff299891d8087da0888_mv2.webp","contentUrl":"https:\/\/marketcrosscompany.com\/wp-content\/uploads\/2022\/01\/002997_f1040cce5cfe4ff299891d8087da0888_mv2.webp","width":566,"height":360,"caption":"portada notas"},{"@type":"BreadcrumbList","@id":"https:\/\/marketcrosscompany.com\/pt-br\/politica-de-privacidade-marketcross\/#breadcrumb","itemListElement":[{"@type":"ListItem","position":1,"name":"Portada","item":"https:\/\/marketcrosscompany.com\/pt-br\/"},{"@type":"ListItem","position":2,"name":"POL\u00cdTICA DE PRIVACIDADE"}]},{"@type":"WebSite","@id":"https:\/\/marketcrosscompany.com\/pt-br\/#website","url":"https:\/\/marketcrosscompany.com\/pt-br\/","name":"MarketCross - Agencia de PR que impulsa tu negocio","description":"Agencia de Prensa y Comunicaciones l\u00edder en Latinoam\u00e9rica.","publisher":{"@id":"https:\/\/marketcrosscompany.com\/pt-br\/#organization"},"potentialAction":[{"@type":"SearchAction","target":{"@type":"EntryPoint","urlTemplate":"https:\/\/marketcrosscompany.com\/pt-br\/?s={search_term_string}"},"query-input":{"@type":"PropertyValueSpecification","valueRequired":true,"valueName":"search_term_string"}}],"inLanguage":"pt-BR"},{"@type":"Organization","@id":"https:\/\/marketcrosscompany.com\/pt-br\/#organization","name":"MarketCross - Agencia de PR que impulsa tu negocio","url":"https:\/\/marketcrosscompany.com\/pt-br\/","logo":{"@type":"ImageObject","inLanguage":"pt-BR","@id":"https:\/\/marketcrosscompany.com\/pt-br\/#\/schema\/logo\/image\/","url":"https:\/\/marketcrosscompany.com\/wp-content\/uploads\/2023\/08\/Diseno-sin-titulo-3.png","contentUrl":"https:\/\/marketcrosscompany.com\/wp-content\/uploads\/2023\/08\/Diseno-sin-titulo-3.png","width":696,"height":696,"caption":"MarketCross - Agencia de PR que impulsa tu negocio"},"image":{"@id":"https:\/\/marketcrosscompany.com\/pt-br\/#\/schema\/logo\/image\/"}}]}},"_links":{"self":[{"href":"https:\/\/marketcrosscompany.com\/pt-br\/wp-json\/wp\/v2\/pages\/3272","targetHints":{"allow":["GET"]}}],"collection":[{"href":"https:\/\/marketcrosscompany.com\/pt-br\/wp-json\/wp\/v2\/pages"}],"about":[{"href":"https:\/\/marketcrosscompany.com\/pt-br\/wp-json\/wp\/v2\/types\/page"}],"author":[{"embeddable":true,"href":"https:\/\/marketcrosscompany.com\/pt-br\/wp-json\/wp\/v2\/users\/1"}],"replies":[{"embeddable":true,"href":"https:\/\/marketcrosscompany.com\/pt-br\/wp-json\/wp\/v2\/comments?post=3272"}],"version-history":[{"count":8,"href":"https:\/\/marketcrosscompany.com\/pt-br\/wp-json\/wp\/v2\/pages\/3272\/revisions"}],"predecessor-version":[{"id":3531,"href":"https:\/\/marketcrosscompany.com\/pt-br\/wp-json\/wp\/v2\/pages\/3272\/revisions\/3531"}],"wp:featuredmedia":[{"embeddable":true,"href":"https:\/\/marketcrosscompany.com\/pt-br\/wp-json\/wp\/v2\/media\/2042"}],"wp:attachment":[{"href":"https:\/\/marketcrosscompany.com\/pt-br\/wp-json\/wp\/v2\/media?parent=3272"}],"curies":[{"name":"wp","href":"https:\/\/api.w.org\/{rel}","templated":true}]}}