{"id":2914,"date":"2021-12-03T10:52:09","date_gmt":"2021-12-03T10:52:09","guid":{"rendered":"https:\/\/marketcrosscompany.com\/blog-ideas\/"},"modified":"2025-05-15T14:30:25","modified_gmt":"2025-05-15T14:30:25","slug":"blog-rp-comunicacao-marketcross","status":"publish","type":"page","link":"https:\/\/marketcrosscompany.com\/pt-br\/blog-rp-comunicacao-marketcross\/","title":{"rendered":"BLOGS &#038; IDEIAS"},"content":{"rendered":"<p>[et_pb_section fb_built=&#8221;1&#8243; _builder_version=&#8221;4.16&#8243; _module_preset=&#8221;default&#8221; custom_padding=&#8221;8px||7px|||&#8221; global_colors_info=&#8221;{}&#8221; theme_builder_area=&#8221;post_content&#8221;][et_pb_row _builder_version=&#8221;4.16&#8243; _module_preset=&#8221;default&#8221; global_colors_info=&#8221;{}&#8221; theme_builder_area=&#8221;post_content&#8221;][et_pb_column type=&#8221;4_4&#8243; _builder_version=&#8221;4.16&#8243; _module_preset=&#8221;default&#8221; global_colors_info=&#8221;{}&#8221; theme_builder_area=&#8221;post_content&#8221;][et_pb_text _builder_version=&#8221;4.19.4&#8243; _module_preset=&#8221;default&#8221; text_font_size=&#8221;20px&#8221; text_line_height=&#8221;1.5em&#8221; text_orientation=&#8221;center&#8221; width=&#8221;70%&#8221; module_alignment=&#8221;center&#8221; global_colors_info=&#8221;{}&#8221; theme_builder_area=&#8221;post_content&#8221;]Bem-vindo ao Blog da MARKETCROSS.<br \/>\nNossa equipe editorial mant\u00e9m o foco nos temas importantes para compartilhar com voc\u00ea.[\/et_pb_text][\/et_pb_column][\/et_pb_row][\/et_pb_section][et_pb_section fb_built=&#8221;1&#8243; _builder_version=&#8221;4.16&#8243; _module_preset=&#8221;default&#8221; custom_padding=&#8221;2px||4px|||&#8221; global_colors_info=&#8221;{}&#8221; theme_builder_area=&#8221;post_content&#8221;][et_pb_row _builder_version=&#8221;4.16&#8243; _module_preset=&#8221;default&#8221; global_colors_info=&#8221;{}&#8221; theme_builder_area=&#8221;post_content&#8221;][et_pb_column type=&#8221;4_4&#8243; _builder_version=&#8221;4.16&#8243; _module_preset=&#8221;default&#8221; global_colors_info=&#8221;{}&#8221; theme_builder_area=&#8221;post_content&#8221;][et_pb_blog fullwidth=&#8221;off&#8221; posts_number=&#8221;6&#8243; include_categories=&#8221;184,212,all&#8221; excerpt_length=&#8221;100&#8243; show_more=&#8221;on&#8221; show_author=&#8221;off&#8221; show_date=&#8221;off&#8221; show_categories=&#8221;off&#8221; module_class=&#8221;three-column-grid novedades  &#8221; _builder_version=&#8221;4.27.4&#8243; _module_preset=&#8221;default&#8221; header_font=&#8221;|||on|||||&#8221; header_text_align=&#8221;center&#8221; header_text_color=&#8221;#FFFFFF&#8221; header_font_size=&#8221;14px&#8221; header_line_height=&#8221;1.5em&#8221; body_text_color=&#8221;#FFFFFF&#8221; body_font_size=&#8221;13px&#8221; read_more_text_color=&#8221;#FFFFFF&#8221; text_orientation=&#8221;center&#8221; hover_enabled=&#8221;0&#8243; custom_css_main_element=&#8221;padding:0px!important&#8221; custom_css_title=&#8221;background:rgba(0,0,0,.6); padding:15px 10px&#8221; custom_css_content=&#8221;background:rgba(0,0,0,.6); padding:10px&#8221; custom_css_read_more=&#8221;display:block; text-transform: uppercase; border:1px solid #fff; padding:8px 15px; width:fit-content; margin:20px auto; margin-top:50px&#8221; global_colors_info=&#8221;{}&#8221; theme_builder_area=&#8221;post_content&#8221; sticky_enabled=&#8221;0&#8243;][\/et_pb_blog][\/et_pb_column][\/et_pb_row][\/et_pb_section]<\/p>\n","protected":false},"excerpt":{"rendered":"<p>No nosso blog voc\u00ea encontra conte\u00fados sobre RP e comunica\u00e7\u00e3o que o manter\u00e3o informado sobre os temas mais relevantes do setor.<\/p>\n","protected":false},"author":1,"featured_media":1934,"parent":0,"menu_order":0,"comment_status":"closed","ping_status":"closed","template":"","meta":{"_et_pb_use_builder":"on","_et_pb_old_content":"","_et_gb_content_width":"","footnotes":""},"class_list":["post-2914","page","type-page","status-publish","has-post-thumbnail","hentry"],"yoast_head":"<!-- This site is optimized with the Yoast SEO plugin v27.3 - https:\/\/yoast.com\/product\/yoast-seo-wordpress\/ -->\n<title>Blog de RP e Comunica\u00e7\u00e3o \u2013 MarketCross<\/title>\n<meta name=\"description\" content=\"No nosso blog voc\u00ea encontra conte\u00fados sobre RP e comunica\u00e7\u00e3o que o manter\u00e3o informado sobre os temas mais relevantes do setor.\" \/>\n<meta name=\"robots\" content=\"index, follow, max-snippet:-1, max-image-preview:large, max-video-preview:-1\" \/>\n<link rel=\"canonical\" href=\"https:\/\/marketcrosscompany.com\/pt-br\/blog-rp-comunicacao-marketcross\/\" \/>\n<meta property=\"og:locale\" content=\"pt_BR\" \/>\n<meta property=\"og:type\" content=\"article\" \/>\n<meta property=\"og:title\" content=\"Blog de RP e Comunica\u00e7\u00e3o \u2013 MarketCross\" \/>\n<meta property=\"og:description\" content=\"No nosso blog voc\u00ea encontra conte\u00fados sobre RP e comunica\u00e7\u00e3o que o manter\u00e3o informado sobre os temas mais relevantes do setor.\" \/>\n<meta property=\"og:url\" content=\"https:\/\/marketcrosscompany.com\/pt-br\/blog-rp-comunicacao-marketcross\/\" \/>\n<meta property=\"og:site_name\" content=\"MarketCross - Agencia de PR que impulsa tu negocio\" \/>\n<meta property=\"article:modified_time\" content=\"2025-05-15T14:30:25+00:00\" \/>\n<meta property=\"og:image\" content=\"https:\/\/marketcrosscompany.com\/wp-content\/uploads\/2021\/12\/georgie-cobbs-bKjHgo_Lbpo-unsplash.jpg\" \/>\n\t<meta property=\"og:image:width\" content=\"1200\" \/>\n\t<meta property=\"og:image:height\" content=\"490\" \/>\n\t<meta property=\"og:image:type\" content=\"image\/jpeg\" \/>\n<meta name=\"twitter:card\" content=\"summary_large_image\" \/>\n<meta name=\"twitter:title\" content=\"Blog de RP e Comunica\u00e7\u00e3o \u2013 MarketCross\" \/>\n<meta name=\"twitter:description\" content=\"No nosso blog voc\u00ea encontra conte\u00fados sobre RP e comunica\u00e7\u00e3o que o manter\u00e3o informado sobre os temas mais relevantes do setor.\" \/>\n<meta name=\"twitter:image\" content=\"https:\/\/marketcrosscompany.com\/wp-content\/uploads\/2021\/12\/georgie-cobbs-bKjHgo_Lbpo-unsplash.jpg\" \/>\n<meta name=\"twitter:label1\" content=\"Est. tempo de leitura\" \/>\n\t<meta name=\"twitter:data1\" content=\"2 minutos\" \/>\n<!-- \/ Yoast SEO plugin. -->","yoast_head_json":{"title":"Blog de RP e Comunica\u00e7\u00e3o \u2013 MarketCross","description":"No nosso blog voc\u00ea encontra conte\u00fados sobre RP e comunica\u00e7\u00e3o que o manter\u00e3o informado sobre os temas mais relevantes do setor.","robots":{"index":"index","follow":"follow","max-snippet":"max-snippet:-1","max-image-preview":"max-image-preview:large","max-video-preview":"max-video-preview:-1"},"canonical":"https:\/\/marketcrosscompany.com\/pt-br\/blog-rp-comunicacao-marketcross\/","og_locale":"pt_BR","og_type":"article","og_title":"Blog de RP e Comunica\u00e7\u00e3o \u2013 MarketCross","og_description":"No nosso blog voc\u00ea encontra conte\u00fados sobre RP e comunica\u00e7\u00e3o que o manter\u00e3o informado sobre os temas mais relevantes do setor.","og_url":"https:\/\/marketcrosscompany.com\/pt-br\/blog-rp-comunicacao-marketcross\/","og_site_name":"MarketCross - Agencia de PR que impulsa tu negocio","article_modified_time":"2025-05-15T14:30:25+00:00","og_image":[{"width":1200,"height":490,"url":"https:\/\/marketcrosscompany.com\/wp-content\/uploads\/2021\/12\/georgie-cobbs-bKjHgo_Lbpo-unsplash.jpg","type":"image\/jpeg"}],"twitter_card":"summary_large_image","twitter_title":"Blog de RP e Comunica\u00e7\u00e3o \u2013 MarketCross","twitter_description":"No nosso blog voc\u00ea encontra conte\u00fados sobre RP e comunica\u00e7\u00e3o que o manter\u00e3o informado sobre os temas mais relevantes do setor.","twitter_image":"https:\/\/marketcrosscompany.com\/wp-content\/uploads\/2021\/12\/georgie-cobbs-bKjHgo_Lbpo-unsplash.jpg","twitter_misc":{"Est. tempo de leitura":"2 minutos"},"schema":{"@context":"https:\/\/schema.org","@graph":[{"@type":"WebPage","@id":"https:\/\/marketcrosscompany.com\/pt-br\/blog-rp-comunicacao-marketcross\/","url":"https:\/\/marketcrosscompany.com\/pt-br\/blog-rp-comunicacao-marketcross\/","name":"Blog de RP e Comunica\u00e7\u00e3o \u2013 MarketCross","isPartOf":{"@id":"https:\/\/marketcrosscompany.com\/pt-br\/#website"},"primaryImageOfPage":{"@id":"https:\/\/marketcrosscompany.com\/pt-br\/blog-rp-comunicacao-marketcross\/#primaryimage"},"image":{"@id":"https:\/\/marketcrosscompany.com\/pt-br\/blog-rp-comunicacao-marketcross\/#primaryimage"},"thumbnailUrl":"https:\/\/marketcrosscompany.com\/wp-content\/uploads\/2021\/12\/georgie-cobbs-bKjHgo_Lbpo-unsplash.jpg","datePublished":"2021-12-03T10:52:09+00:00","dateModified":"2025-05-15T14:30:25+00:00","description":"No nosso blog voc\u00ea encontra conte\u00fados sobre RP e comunica\u00e7\u00e3o que o manter\u00e3o informado sobre os temas mais relevantes do setor.","breadcrumb":{"@id":"https:\/\/marketcrosscompany.com\/pt-br\/blog-rp-comunicacao-marketcross\/#breadcrumb"},"inLanguage":"pt-BR","potentialAction":[{"@type":"ReadAction","target":["https:\/\/marketcrosscompany.com\/pt-br\/blog-rp-comunicacao-marketcross\/"]}]},{"@type":"ImageObject","inLanguage":"pt-BR","@id":"https:\/\/marketcrosscompany.com\/pt-br\/blog-rp-comunicacao-marketcross\/#primaryimage","url":"https:\/\/marketcrosscompany.com\/wp-content\/uploads\/2021\/12\/georgie-cobbs-bKjHgo_Lbpo-unsplash.jpg","contentUrl":"https:\/\/marketcrosscompany.com\/wp-content\/uploads\/2021\/12\/georgie-cobbs-bKjHgo_Lbpo-unsplash.jpg","width":1200,"height":490,"caption":"Fondo blanco, taza amarilla,planta en maceta y monitor computadora blanca"},{"@type":"BreadcrumbList","@id":"https:\/\/marketcrosscompany.com\/pt-br\/blog-rp-comunicacao-marketcross\/#breadcrumb","itemListElement":[{"@type":"ListItem","position":1,"name":"Portada","item":"https:\/\/marketcrosscompany.com\/pt-br\/"},{"@type":"ListItem","position":2,"name":"BLOGS &#038; IDEIAS"}]},{"@type":"WebSite","@id":"https:\/\/marketcrosscompany.com\/pt-br\/#website","url":"https:\/\/marketcrosscompany.com\/pt-br\/","name":"MarketCross - Agencia de PR que impulsa tu negocio","description":"Agencia de Prensa y Comunicaciones l\u00edder en Latinoam\u00e9rica.","publisher":{"@id":"https:\/\/marketcrosscompany.com\/pt-br\/#organization"},"potentialAction":[{"@type":"SearchAction","target":{"@type":"EntryPoint","urlTemplate":"https:\/\/marketcrosscompany.com\/pt-br\/?s={search_term_string}"},"query-input":{"@type":"PropertyValueSpecification","valueRequired":true,"valueName":"search_term_string"}}],"inLanguage":"pt-BR"},{"@type":"Organization","@id":"https:\/\/marketcrosscompany.com\/pt-br\/#organization","name":"MarketCross - Agencia de PR que impulsa tu negocio","url":"https:\/\/marketcrosscompany.com\/pt-br\/","logo":{"@type":"ImageObject","inLanguage":"pt-BR","@id":"https:\/\/marketcrosscompany.com\/pt-br\/#\/schema\/logo\/image\/","url":"https:\/\/marketcrosscompany.com\/wp-content\/uploads\/2023\/08\/Diseno-sin-titulo-3.png","contentUrl":"https:\/\/marketcrosscompany.com\/wp-content\/uploads\/2023\/08\/Diseno-sin-titulo-3.png","width":696,"height":696,"caption":"MarketCross - Agencia de PR que impulsa tu negocio"},"image":{"@id":"https:\/\/marketcrosscompany.com\/pt-br\/#\/schema\/logo\/image\/"}}]}},"_links":{"self":[{"href":"https:\/\/marketcrosscompany.com\/pt-br\/wp-json\/wp\/v2\/pages\/2914","targetHints":{"allow":["GET"]}}],"collection":[{"href":"https:\/\/marketcrosscompany.com\/pt-br\/wp-json\/wp\/v2\/pages"}],"about":[{"href":"https:\/\/marketcrosscompany.com\/pt-br\/wp-json\/wp\/v2\/types\/page"}],"author":[{"embeddable":true,"href":"https:\/\/marketcrosscompany.com\/pt-br\/wp-json\/wp\/v2\/users\/1"}],"replies":[{"embeddable":true,"href":"https:\/\/marketcrosscompany.com\/pt-br\/wp-json\/wp\/v2\/comments?post=2914"}],"version-history":[{"count":18,"href":"https:\/\/marketcrosscompany.com\/pt-br\/wp-json\/wp\/v2\/pages\/2914\/revisions"}],"predecessor-version":[{"id":6328,"href":"https:\/\/marketcrosscompany.com\/pt-br\/wp-json\/wp\/v2\/pages\/2914\/revisions\/6328"}],"wp:featuredmedia":[{"embeddable":true,"href":"https:\/\/marketcrosscompany.com\/pt-br\/wp-json\/wp\/v2\/media\/1934"}],"wp:attachment":[{"href":"https:\/\/marketcrosscompany.com\/pt-br\/wp-json\/wp\/v2\/media?parent=2914"}],"curies":[{"name":"wp","href":"https:\/\/api.w.org\/{rel}","templated":true}]}}